{"id":2606,"date":"2023-04-12T06:52:03","date_gmt":"2023-04-12T06:52:03","guid":{"rendered":"https:\/\/forst.qodeinteractive.com\/?page_id=2606"},"modified":"2025-06-03T13:39:11","modified_gmt":"2025-06-03T13:39:11","slug":"full-service-werbeagentur","status":"publish","type":"page","link":"https:\/\/www.club-of-communication.de\/en\/full-service-werbeagentur","title":{"rendered":"Services"},"content":{"rendered":"<div data-elementor-type=\"wp-page\" data-elementor-id=\"2606\" class=\"elementor elementor-2606\">\n\t\t\t\t\t\t<section class=\"elementor-section elementor-top-section elementor-element elementor-element-2feef6b elementor-section-full_width elementor-section-height-default elementor-section-height-default\" data-id=\"2feef6b\" data-element_type=\"section\">\n\t\t\t\t\t\t<div class=\"elementor-container elementor-column-gap-default\">\n\t\t\t\t\t<div class=\"elementor-column elementor-col-100 elementor-top-column elementor-element elementor-element-eff1b67\" data-id=\"eff1b67\" data-element_type=\"column\">\n\t\t\t<div class=\"elementor-widget-wrap elementor-element-populated\">\n\t\t\t\t\t\t<section class=\"elementor-section elementor-inner-section elementor-element elementor-element-01ee277 elementor-section-full_width elementor-section-height-min-height elementor-section-height-default\" data-id=\"01ee277\" data-element_type=\"section\" data-settings=\"{&quot;background_background&quot;:&quot;classic&quot;}\">\n\t\t\t\t\t\t<div class=\"elementor-container elementor-column-gap-default\">\n\t\t\t\t\t<div class=\"elementor-column elementor-col-100 elementor-inner-column elementor-element elementor-element-506d88f\" data-id=\"506d88f\" data-element_type=\"column\">\n\t\t\t<div class=\"elementor-widget-wrap\">\n\t\t\t\t\t\t\t<\/div>\n\t\t<\/div>\n\t\t\t\t\t<\/div>\n\t\t<\/section>\n\t\t\t\t\t<\/div>\n\t\t<\/div>\n\t\t\t\t\t<\/div>\n\t\t<\/section>\n\t\t\t\t<section class=\"elementor-section elementor-top-section elementor-element elementor-element-6aa3c99 elementor-section-full_width elementor-section-height-default elementor-section-height-default\" data-id=\"6aa3c99\" data-element_type=\"section\">\n\t\t\t\t\t\t<div class=\"elementor-container elementor-column-gap-default\">\n\t\t\t\t\t<div class=\"elementor-column elementor-col-100 elementor-top-column elementor-element elementor-element-82126a9\" data-id=\"82126a9\" data-element_type=\"column\">\n\t\t\t<div class=\"elementor-widget-wrap elementor-element-populated\">\n\t\t\t\t\t\t<div class=\"elementor-element elementor-element-5015541 elementor-widget__width-initial elementor-widget elementor-widget-forst_core_section_title\" data-id=\"5015541\" data-element_type=\"widget\" data-widget_type=\"forst_core_section_title.default\">\n\t\t\t\t<div class=\"elementor-widget-container\">\n\t\t\t\t\t<div class=\"qodef-shortcode qodef-m  qodef-section-title qodef-alignment--left\">\n\t\t<h1 class=\"qodef-m-title\" >\n\t\t\t\t\tServices\t\t\t<\/h1>\n\t<\/div>\n\t\t\t\t<\/div>\n\t\t\t\t<\/div>\n\t\t\t\t<section class=\"elementor-section elementor-inner-section elementor-element elementor-element-a6382f4 elementor-section-full_width elementor-section-height-default elementor-section-height-default\" data-id=\"a6382f4\" data-element_type=\"section\">\n\t\t\t\t\t\t<div class=\"elementor-container elementor-column-gap-default\">\n\t\t\t\t\t<div class=\"elementor-column elementor-col-50 elementor-inner-column elementor-element elementor-element-421f7ee\" data-id=\"421f7ee\" data-element_type=\"column\">\n\t\t\t<div class=\"elementor-widget-wrap elementor-element-populated\">\n\t\t\t\t\t\t<div class=\"elementor-element elementor-element-fde2b47 elementor-widget elementor-widget-forst_core_section_title\" data-id=\"fde2b47\" data-element_type=\"widget\" data-widget_type=\"forst_core_section_title.default\">\n\t\t\t\t<div class=\"elementor-widget-container\">\n\t\t\t\t\t<div class=\"qodef-shortcode qodef-m  qodef-section-title qodef-alignment--left\">\n\t\t<h5 class=\"qodef-m-title\" >\n\t\t\t\t\tWe are a full-service agency \t\t\t<\/h5>\n\t<\/div>\n\t\t\t\t<\/div>\n\t\t\t\t<\/div>\n\t\t\t\t\t<\/div>\n\t\t<\/div>\n\t\t\t\t<div class=\"elementor-column elementor-col-50 elementor-inner-column elementor-element elementor-element-4d9bb5a\" data-id=\"4d9bb5a\" data-element_type=\"column\">\n\t\t\t<div class=\"elementor-widget-wrap elementor-element-populated\">\n\t\t\t\t\t\t<div class=\"elementor-element elementor-element-8ee252e elementor-widget__width-initial elementor-widget-mobile__width-inherit elementor-widget elementor-widget-text-editor\" data-id=\"8ee252e\" data-element_type=\"widget\" data-widget_type=\"text-editor.default\">\n\t\t\t\t<div class=\"elementor-widget-container\">\n\t\t\t\t\t\t\t\t\t<p>Our clients come from the service sector, the financial world and the high-tech sector. We also count non-profit organizations among our customer base.<\/p><p>From the initial idea to the final implementation, we support and advise our customers on their brand presence and marketing activities. From logo development, corporate design and the design of classic print media to the conception, design and implementation of websites and trade fair equipment through to campaigns and social media content.<\/p><p>We conceive, copywrite and design, we think strategically, are creative and always customer-oriented. We simply have this balancing act down pat.<\/p>\t\t\t\t\t\t\t\t<\/div>\n\t\t\t\t<\/div>\n\t\t\t\t<div class=\"elementor-element elementor-element-6446090 elementor-widget__width-initial elementor-widget elementor-widget-qi_addons_for_elementor_blockquote\" data-id=\"6446090\" data-element_type=\"widget\" data-widget_type=\"qi_addons_for_elementor_blockquote.default\">\n\t\t\t\t<div class=\"elementor-widget-container\">\n\t\t\t\t\t<div class=\"qodef-shortcode qodef-m qodef-qi-blockquote qodef-layout--inline qodef--icon-pack\">\n\t\t\t<h4 class=\"qodef-m-text\">\n\t\t\t\t\t\t\t<span class=\"qodef-m-icon\">\n\t\t\t\t\t<svg aria-hidden=\"true\" class=\"e-font-icon-svg e-fas-quote-right\" viewbox=\"0 0 512 512\" xmlns=\"http:\/\/www.w3.org\/2000\/svg\"><path d=\"M464 32H336c-26.5 0-48 21.5-48 48v128c0 26.5 21.5 48 48 48h80v64c0 35.3-28.7 64-64 64h-8c-13.3 0-24 10.7-24 24v48c0 13.3 10.7 24 24 24h8c88.4 0 160-71.6 160-160V80c0-26.5-21.5-48-48-48zm-288 0H48C21.5 32 0 53.5 0 80v128c0 26.5 21.5 48 48 48h80v64c0 35.3-28.7 64-64 64h-8c-13.3 0-24 10.7-24 24v48c0 13.3 10.7 24 24 24h8c88.4 0 160-71.6 160-160V80c0-26.5-21.5-48-48-48z\"><\/path><\/svg>\t\t\t\t<\/span>\n\t\t\t\t\t\tWe are open to sporting challenges. And if you are open to creative advice, you can get anything from us. Even if it's just the best coffee in town ...\t\t<\/h4>\n\t<\/div>\n\t\t\t\t<\/div>\n\t\t\t\t<\/div>\n\t\t\t\t\t<\/div>\n\t\t<\/div>\n\t\t\t\t\t<\/div>\n\t\t<\/section>\n\t\t\t\t<section class=\"elementor-section elementor-inner-section elementor-element elementor-element-96262a6 elementor-section-full_width elementor-section-height-default elementor-section-height-default\" data-id=\"96262a6\" data-element_type=\"section\">\n\t\t\t\t\t\t<div class=\"elementor-container elementor-column-gap-default\">\n\t\t\t\t\t<div class=\"elementor-column elementor-col-25 elementor-inner-column elementor-element elementor-element-b0d2c63\" data-id=\"b0d2c63\" data-element_type=\"column\">\n\t\t\t<div class=\"elementor-widget-wrap elementor-element-populated\">\n\t\t\t\t\t\t<div class=\"elementor-element elementor-element-b66027b elementor-widget elementor-widget-heading\" data-id=\"b66027b\" data-element_type=\"widget\" data-widget_type=\"heading.default\">\n\t\t\t\t<div class=\"elementor-widget-container\">\n\t\t\t\t\t<h3 class=\"elementor-heading-title elementor-size-default\">Strategy<\/h3>\t\t\t\t<\/div>\n\t\t\t\t<\/div>\n\t\t\t\t<div class=\"elementor-element elementor-element-1f1e861 elementor-widget elementor-widget-text-editor\" data-id=\"1f1e861\" data-element_type=\"widget\" data-widget_type=\"text-editor.default\">\n\t\t\t\t<div class=\"elementor-widget-container\">\n\t\t\t\t\t\t\t\t\t<ul><li>Positioning<\/li><li>Brand strategy<\/li><li>Marketing campaigns<\/li><li>Social media campaignss<\/li><li>OoH campaigns<\/li><li>Naming<\/li><li>Slogan development<\/li><\/ul>\t\t\t\t\t\t\t\t<\/div>\n\t\t\t\t<\/div>\n\t\t\t\t\t<\/div>\n\t\t<\/div>\n\t\t\t\t<div class=\"elementor-column elementor-col-25 elementor-inner-column elementor-element elementor-element-878c996\" data-id=\"878c996\" data-element_type=\"column\">\n\t\t\t<div class=\"elementor-widget-wrap elementor-element-populated\">\n\t\t\t\t\t\t<div class=\"elementor-element elementor-element-aed9ac1 elementor-widget elementor-widget-heading\" data-id=\"aed9ac1\" data-element_type=\"widget\" data-widget_type=\"heading.default\">\n\t\t\t\t<div class=\"elementor-widget-container\">\n\t\t\t\t\t<h3 class=\"elementor-heading-title elementor-size-default\">Design<\/h3>\t\t\t\t<\/div>\n\t\t\t\t<\/div>\n\t\t\t\t<div class=\"elementor-element elementor-element-93d65e5 elementor-widget elementor-widget-text-editor\" data-id=\"93d65e5\" data-element_type=\"widget\" data-widget_type=\"text-editor.default\">\n\t\t\t\t<div class=\"elementor-widget-container\">\n\t\t\t\t\t\t\t\t\t<ul><li>Logo development<\/li><li>Corporate design<\/li><li>Brand design<\/li><li>Packaging design<\/li><\/ul>\t\t\t\t\t\t\t\t<\/div>\n\t\t\t\t<\/div>\n\t\t\t\t\t<\/div>\n\t\t<\/div>\n\t\t\t\t<div class=\"elementor-column elementor-col-25 elementor-inner-column elementor-element elementor-element-081d523\" data-id=\"081d523\" data-element_type=\"column\">\n\t\t\t<div class=\"elementor-widget-wrap elementor-element-populated\">\n\t\t\t\t\t\t<div class=\"elementor-element elementor-element-478884a elementor-widget elementor-widget-heading\" data-id=\"478884a\" data-element_type=\"widget\" data-widget_type=\"heading.default\">\n\t\t\t\t<div class=\"elementor-widget-container\">\n\t\t\t\t\t<h3 class=\"elementor-heading-title elementor-size-default\">Print<\/h3>\t\t\t\t<\/div>\n\t\t\t\t<\/div>\n\t\t\t\t<div class=\"elementor-element elementor-element-87ebbce elementor-widget elementor-widget-text-editor\" data-id=\"87ebbce\" data-element_type=\"widget\" data-widget_type=\"text-editor.default\">\n\t\t\t\t<div class=\"elementor-widget-container\">\n\t\t\t\t\t\t\t\t\t<ul><li>Brochures<\/li><li>Flyers<\/li><li>Sales folder<\/li><li>Specialized trade advertiements<\/li><li>Catalogs<\/li><li>Annual reports<\/li><li>Sustainability reports<\/li><li>Press releases<\/li><\/ul>\t\t\t\t\t\t\t\t<\/div>\n\t\t\t\t<\/div>\n\t\t\t\t\t<\/div>\n\t\t<\/div>\n\t\t\t\t<div class=\"elementor-column elementor-col-25 elementor-inner-column elementor-element elementor-element-7a23f55\" data-id=\"7a23f55\" data-element_type=\"column\">\n\t\t\t<div class=\"elementor-widget-wrap elementor-element-populated\">\n\t\t\t\t\t\t<div class=\"elementor-element elementor-element-40cc637 elementor-widget elementor-widget-heading\" data-id=\"40cc637\" data-element_type=\"widget\" data-widget_type=\"heading.default\">\n\t\t\t\t<div class=\"elementor-widget-container\">\n\t\t\t\t\t<h3 class=\"elementor-heading-title elementor-size-default\">POS appearances<\/h3>\t\t\t\t<\/div>\n\t\t\t\t<\/div>\n\t\t\t\t<div class=\"elementor-element elementor-element-1770052 elementor-widget elementor-widget-text-editor\" data-id=\"1770052\" data-element_type=\"widget\" data-widget_type=\"text-editor.default\">\n\t\t\t\t<div class=\"elementor-widget-container\">\n\t\t\t\t\t\t\t\t\t<ul><li>Posters<\/li><li>Signs<\/li><li>Signposts<\/li><li>Displays<\/li><li>Roll-ups<\/li><li>Banners<\/li><li>Wobblers<\/li><\/ul>\t\t\t\t\t\t\t\t<\/div>\n\t\t\t\t<\/div>\n\t\t\t\t\t<\/div>\n\t\t<\/div>\n\t\t\t\t\t<\/div>\n\t\t<\/section>\n\t\t\t\t<section class=\"elementor-section elementor-inner-section elementor-element elementor-element-04e3640 elementor-section-full_width elementor-section-height-default elementor-section-height-default\" data-id=\"04e3640\" data-element_type=\"section\">\n\t\t\t\t\t\t<div class=\"elementor-container elementor-column-gap-default\">\n\t\t\t\t\t<div class=\"elementor-column elementor-col-25 elementor-inner-column elementor-element elementor-element-206d637\" data-id=\"206d637\" data-element_type=\"column\">\n\t\t\t<div class=\"elementor-widget-wrap elementor-element-populated\">\n\t\t\t\t\t\t<div class=\"elementor-element elementor-element-1601478 elementor-widget elementor-widget-heading\" data-id=\"1601478\" data-element_type=\"widget\" data-widget_type=\"heading.default\">\n\t\t\t\t<div class=\"elementor-widget-container\">\n\t\t\t\t\t<h3 class=\"elementor-heading-title elementor-size-default\">Internal communication  <\/h3>\t\t\t\t<\/div>\n\t\t\t\t<\/div>\n\t\t\t\t<div class=\"elementor-element elementor-element-b34c612 elementor-widget elementor-widget-text-editor\" data-id=\"b34c612\" data-element_type=\"widget\" data-widget_type=\"text-editor.default\">\n\t\t\t\t<div class=\"elementor-widget-container\">\n\t\t\t\t\t\t\t\t\t<ul><li>Employees Magazine<\/li><li>Editorial intranet<\/li><li>Newsletter<\/li><li>Tutorials and training<\/li><\/ul>\t\t\t\t\t\t\t\t<\/div>\n\t\t\t\t<\/div>\n\t\t\t\t\t<\/div>\n\t\t<\/div>\n\t\t\t\t<div class=\"elementor-column elementor-col-25 elementor-inner-column elementor-element elementor-element-5aaf96b\" data-id=\"5aaf96b\" data-element_type=\"column\">\n\t\t\t<div class=\"elementor-widget-wrap elementor-element-populated\">\n\t\t\t\t\t\t<div class=\"elementor-element elementor-element-1b0d875 elementor-widget elementor-widget-heading\" data-id=\"1b0d875\" data-element_type=\"widget\" data-widget_type=\"heading.default\">\n\t\t\t\t<div class=\"elementor-widget-container\">\n\t\t\t\t\t<h3 class=\"elementor-heading-title elementor-size-default\">Web<\/h3>\t\t\t\t<\/div>\n\t\t\t\t<\/div>\n\t\t\t\t<div class=\"elementor-element elementor-element-a7aedc2 elementor-widget elementor-widget-text-editor\" data-id=\"a7aedc2\" data-element_type=\"widget\" data-widget_type=\"text-editor.default\">\n\t\t\t\t<div class=\"elementor-widget-container\">\n\t\t\t\t\t\t\t\t\t<ul><li>Internet presence<\/li><li>Social media<\/li><li>Reels and videos<\/li><li>Blogs and articles<\/li><\/ul>\t\t\t\t\t\t\t\t<\/div>\n\t\t\t\t<\/div>\n\t\t\t\t\t<\/div>\n\t\t<\/div>\n\t\t\t\t<div class=\"elementor-column elementor-col-25 elementor-inner-column elementor-element elementor-element-dada2b1\" data-id=\"dada2b1\" data-element_type=\"column\">\n\t\t\t<div class=\"elementor-widget-wrap elementor-element-populated\">\n\t\t\t\t\t\t<div class=\"elementor-element elementor-element-92cd46d elementor-widget elementor-widget-heading\" data-id=\"92cd46d\" data-element_type=\"widget\" data-widget_type=\"heading.default\">\n\t\t\t\t<div class=\"elementor-widget-container\">\n\t\t\t\t\t<h3 class=\"elementor-heading-title elementor-size-default\">Video<\/h3>\t\t\t\t<\/div>\n\t\t\t\t<\/div>\n\t\t\t\t<div class=\"elementor-element elementor-element-4f9c2e3 elementor-widget elementor-widget-text-editor\" data-id=\"4f9c2e3\" data-element_type=\"widget\" data-widget_type=\"text-editor.default\">\n\t\t\t\t<div class=\"elementor-widget-container\">\n\t\t\t\t\t\t\t\t\t<ul><li>Image films<\/li><li>Product presentations<\/li><li>Digital trainings<\/li><\/ul>\t\t\t\t\t\t\t\t<\/div>\n\t\t\t\t<\/div>\n\t\t\t\t\t<\/div>\n\t\t<\/div>\n\t\t\t\t<div class=\"elementor-column elementor-col-25 elementor-inner-column elementor-element elementor-element-e797805\" data-id=\"e797805\" data-element_type=\"column\">\n\t\t\t<div class=\"elementor-widget-wrap\">\n\t\t\t\t\t\t\t<\/div>\n\t\t<\/div>\n\t\t\t\t\t<\/div>\n\t\t<\/section>\n\t\t\t\t\t<\/div>\n\t\t<\/div>\n\t\t\t\t\t<\/div>\n\t\t<\/section>\n\t\t\t\t<\/div>","protected":false},"excerpt":{"rendered":"<p>Leistungen Wir sind eine Full-Service-Agentur. Unsere Kunden kommen aus dem Dienstleistungssektor, der Finanzwelt oder dem High-Tech-Bereich. Au\u00dferdem d\u00fcrfen wir Non-Profit-Organisationen zu unserem Kundenstamm z\u00e4hlen. Von der ersten Idee bis zur finalen Umsetzung begleiten und beraten wir unsere Kunden bei ihren Markenauftritten und Marketingaktivit\u00e4ten. Von der Logoentwicklung, dem Corporate Design und der Gestaltung klassischer Printmedien \u00fcber [&hellip;]<\/p>","protected":false},"author":1,"featured_media":0,"parent":0,"menu_order":0,"comment_status":"closed","ping_status":"closed","template":"page-full-width.php","meta":{"footnotes":""},"class_list":["post-2606","page","type-page","status-publish","hentry"],"yoast_head":"<!-- This site is optimized with the Yoast SEO plugin v24.9 - https:\/\/yoast.com\/wordpress\/plugins\/seo\/ -->\n<title>Leistungen - Club of Communications<\/title>\n<meta name=\"description\" content=\"Full-Service-Werbeagenur f\u00fcr professionelle Markenauftritte und Marketingaktivit\u00e4ten. Ob Print oder digital, von der Idee bis zur Umsetzung.\" \/>\n<meta name=\"robots\" content=\"index, follow, max-snippet:-1, max-image-preview:large, max-video-preview:-1\" \/>\n<link rel=\"canonical\" href=\"https:\/\/www.club-of-communication.de\/en\/full-service-werbeagentur\/\" \/>\n<meta property=\"og:locale\" content=\"en_US\" \/>\n<meta property=\"og:type\" content=\"article\" \/>\n<meta property=\"og:title\" content=\"Leistungen - Club of Communications\" \/>\n<meta property=\"og:description\" content=\"Full-Service-Werbeagenur f\u00fcr professionelle Markenauftritte und Marketingaktivit\u00e4ten. Ob Print oder digital, von der Idee bis zur Umsetzung.\" \/>\n<meta property=\"og:url\" content=\"https:\/\/www.club-of-communication.de\/en\/full-service-werbeagentur\/\" \/>\n<meta property=\"og:site_name\" content=\"Club of Communications\" \/>\n<meta property=\"article:modified_time\" content=\"2025-06-03T13:39:11+00:00\" \/>\n<meta name=\"twitter:card\" content=\"summary_large_image\" \/>\n<meta name=\"twitter:label1\" content=\"Est. reading time\" \/>\n\t<meta name=\"twitter:data1\" content=\"2 minutes\" \/>\n<script type=\"application\/ld+json\" class=\"yoast-schema-graph\">{\"@context\":\"https:\/\/schema.org\",\"@graph\":[{\"@type\":\"WebPage\",\"@id\":\"https:\/\/www.club-of-communication.de\/full-service-werbeagentur\",\"url\":\"https:\/\/www.club-of-communication.de\/full-service-werbeagentur\",\"name\":\"Leistungen - Club of Communications\",\"isPartOf\":{\"@id\":\"https:\/\/www.club-of-communication.de\/#website\"},\"datePublished\":\"2023-04-12T06:52:03+00:00\",\"dateModified\":\"2025-06-03T13:39:11+00:00\",\"description\":\"Full-Service-Werbeagenur f\u00fcr professionelle Markenauftritte und Marketingaktivit\u00e4ten. Ob Print oder digital, von der Idee bis zur Umsetzung.\",\"breadcrumb\":{\"@id\":\"https:\/\/www.club-of-communication.de\/full-service-werbeagentur#breadcrumb\"},\"inLanguage\":\"en-US\",\"potentialAction\":[{\"@type\":\"ReadAction\",\"target\":[\"https:\/\/www.club-of-communication.de\/full-service-werbeagentur\"]}]},{\"@type\":\"BreadcrumbList\",\"@id\":\"https:\/\/www.club-of-communication.de\/full-service-werbeagentur#breadcrumb\",\"itemListElement\":[{\"@type\":\"ListItem\",\"position\":1,\"name\":\"Startseite\",\"item\":\"https:\/\/www.club-of-communication.de\/\"},{\"@type\":\"ListItem\",\"position\":2,\"name\":\"Leistungen\"}]},{\"@type\":\"WebSite\",\"@id\":\"https:\/\/www.club-of-communication.de\/#website\",\"url\":\"https:\/\/www.club-of-communication.de\/\",\"name\":\"Club of Communications\",\"description\":\"Wir machen gute Werbung.\",\"publisher\":{\"@id\":\"https:\/\/www.club-of-communication.de\/#organization\"},\"potentialAction\":[{\"@type\":\"SearchAction\",\"target\":{\"@type\":\"EntryPoint\",\"urlTemplate\":\"https:\/\/www.club-of-communication.de\/?s={search_term_string}\"},\"query-input\":{\"@type\":\"PropertyValueSpecification\",\"valueRequired\":true,\"valueName\":\"search_term_string\"}}],\"inLanguage\":\"en-US\"},{\"@type\":\"Organization\",\"@id\":\"https:\/\/www.club-of-communication.de\/#organization\",\"name\":\"Club of Communications GmbH\",\"url\":\"https:\/\/www.club-of-communication.de\/\",\"logo\":{\"@type\":\"ImageObject\",\"inLanguage\":\"en-US\",\"@id\":\"https:\/\/www.club-of-communication.de\/#\/schema\/logo\/image\/\",\"url\":\"https:\/\/www.club-of-communication.de\/wp-content\/uploads\/2024\/02\/COC-Logo-white.png\",\"contentUrl\":\"https:\/\/www.club-of-communication.de\/wp-content\/uploads\/2024\/02\/COC-Logo-white.png\",\"width\":500,\"height\":154,\"caption\":\"Club of Communications GmbH\"},\"image\":{\"@id\":\"https:\/\/www.club-of-communication.de\/#\/schema\/logo\/image\/\"}}]}<\/script>\n<!-- \/ Yoast SEO plugin. -->","yoast_head_json":{"title":"Leistungen - Club of Communications","description":"Full-Service-Werbeagenur f\u00fcr professionelle Markenauftritte und Marketingaktivit\u00e4ten. Ob Print oder digital, von der Idee bis zur Umsetzung.","robots":{"index":"index","follow":"follow","max-snippet":"max-snippet:-1","max-image-preview":"max-image-preview:large","max-video-preview":"max-video-preview:-1"},"canonical":"https:\/\/www.club-of-communication.de\/en\/full-service-werbeagentur\/","og_locale":"en_US","og_type":"article","og_title":"Leistungen - Club of Communications","og_description":"Full-Service-Werbeagenur f\u00fcr professionelle Markenauftritte und Marketingaktivit\u00e4ten. Ob Print oder digital, von der Idee bis zur Umsetzung.","og_url":"https:\/\/www.club-of-communication.de\/en\/full-service-werbeagentur\/","og_site_name":"Club of Communications","article_modified_time":"2025-06-03T13:39:11+00:00","twitter_card":"summary_large_image","twitter_misc":{"Est. reading time":"2 minutes"},"schema":{"@context":"https:\/\/schema.org","@graph":[{"@type":"WebPage","@id":"https:\/\/www.club-of-communication.de\/full-service-werbeagentur","url":"https:\/\/www.club-of-communication.de\/full-service-werbeagentur","name":"Leistungen - Club of Communications","isPartOf":{"@id":"https:\/\/www.club-of-communication.de\/#website"},"datePublished":"2023-04-12T06:52:03+00:00","dateModified":"2025-06-03T13:39:11+00:00","description":"Full-Service-Werbeagenur f\u00fcr professionelle Markenauftritte und Marketingaktivit\u00e4ten. Ob Print oder digital, von der Idee bis zur Umsetzung.","breadcrumb":{"@id":"https:\/\/www.club-of-communication.de\/full-service-werbeagentur#breadcrumb"},"inLanguage":"en-US","potentialAction":[{"@type":"ReadAction","target":["https:\/\/www.club-of-communication.de\/full-service-werbeagentur"]}]},{"@type":"BreadcrumbList","@id":"https:\/\/www.club-of-communication.de\/full-service-werbeagentur#breadcrumb","itemListElement":[{"@type":"ListItem","position":1,"name":"Startseite","item":"https:\/\/www.club-of-communication.de\/"},{"@type":"ListItem","position":2,"name":"Leistungen"}]},{"@type":"WebSite","@id":"https:\/\/www.club-of-communication.de\/#website","url":"https:\/\/www.club-of-communication.de\/","name":"Club of Communications","description":"Wir machen gute Werbung.","publisher":{"@id":"https:\/\/www.club-of-communication.de\/#organization"},"potentialAction":[{"@type":"SearchAction","target":{"@type":"EntryPoint","urlTemplate":"https:\/\/www.club-of-communication.de\/?s={search_term_string}"},"query-input":{"@type":"PropertyValueSpecification","valueRequired":true,"valueName":"search_term_string"}}],"inLanguage":"en-US"},{"@type":"Organization","@id":"https:\/\/www.club-of-communication.de\/#organization","name":"Club of Communications GmbH","url":"https:\/\/www.club-of-communication.de\/","logo":{"@type":"ImageObject","inLanguage":"en-US","@id":"https:\/\/www.club-of-communication.de\/#\/schema\/logo\/image\/","url":"https:\/\/www.club-of-communication.de\/wp-content\/uploads\/2024\/02\/COC-Logo-white.png","contentUrl":"https:\/\/www.club-of-communication.de\/wp-content\/uploads\/2024\/02\/COC-Logo-white.png","width":500,"height":154,"caption":"Club of Communications GmbH"},"image":{"@id":"https:\/\/www.club-of-communication.de\/#\/schema\/logo\/image\/"}}]}},"_links":{"self":[{"href":"https:\/\/www.club-of-communication.de\/en\/wp-json\/wp\/v2\/pages\/2606","targetHints":{"allow":["GET"]}}],"collection":[{"href":"https:\/\/www.club-of-communication.de\/en\/wp-json\/wp\/v2\/pages"}],"about":[{"href":"https:\/\/www.club-of-communication.de\/en\/wp-json\/wp\/v2\/types\/page"}],"author":[{"embeddable":true,"href":"https:\/\/www.club-of-communication.de\/en\/wp-json\/wp\/v2\/users\/1"}],"replies":[{"embeddable":true,"href":"https:\/\/www.club-of-communication.de\/en\/wp-json\/wp\/v2\/comments?post=2606"}],"version-history":[{"count":3,"href":"https:\/\/www.club-of-communication.de\/en\/wp-json\/wp\/v2\/pages\/2606\/revisions"}],"predecessor-version":[{"id":7987,"href":"https:\/\/www.club-of-communication.de\/en\/wp-json\/wp\/v2\/pages\/2606\/revisions\/7987"}],"wp:attachment":[{"href":"https:\/\/www.club-of-communication.de\/en\/wp-json\/wp\/v2\/media?parent=2606"}],"curies":[{"name":"wp","href":"https:\/\/api.w.org\/{rel}","templated":true}]}}