{"id":7482,"date":"2024-03-04T09:22:07","date_gmt":"2024-03-04T09:22:07","guid":{"rendered":"https:\/\/www.club-of-communication.de\/?page_id=7482"},"modified":"2026-01-13T09:25:25","modified_gmt":"2026-01-13T09:25:25","slug":"impressum","status":"publish","type":"page","link":"https:\/\/www.club-of-communication.de\/en\/impressum","title":{"rendered":"Imprint"},"content":{"rendered":"<div data-elementor-type=\"wp-page\" data-elementor-id=\"7482\" class=\"elementor elementor-7482\">\n\t\t\t\t\t\t<section class=\"elementor-section elementor-top-section elementor-element elementor-element-2feef6b elementor-section-full_width elementor-section-height-default elementor-section-height-default\" data-id=\"2feef6b\" data-element_type=\"section\">\n\t\t\t\t\t\t<div class=\"elementor-container elementor-column-gap-default\">\n\t\t\t\t\t<div class=\"elementor-column elementor-col-100 elementor-top-column elementor-element elementor-element-eff1b67\" data-id=\"eff1b67\" data-element_type=\"column\">\n\t\t\t<div class=\"elementor-widget-wrap elementor-element-populated\">\n\t\t\t\t\t\t<section class=\"elementor-section elementor-inner-section elementor-element elementor-element-01ee277 elementor-section-full_width elementor-section-height-min-height elementor-section-height-default\" data-id=\"01ee277\" data-element_type=\"section\" data-settings=\"{&quot;background_background&quot;:&quot;classic&quot;}\">\n\t\t\t\t\t\t<div class=\"elementor-container elementor-column-gap-default\">\n\t\t\t\t\t<div class=\"elementor-column elementor-col-100 elementor-inner-column elementor-element elementor-element-b816904\" data-id=\"b816904\" data-element_type=\"column\">\n\t\t\t<div class=\"elementor-widget-wrap elementor-element-populated\">\n\t\t\t\t\t\t<div class=\"elementor-element elementor-element-d226c5a elementor-widget__width-auto elementor-widget elementor-widget-forst_core_custom_font\" data-id=\"d226c5a\" data-element_type=\"widget\" data-widget_type=\"forst_core_custom_font.default\">\n\t\t\t\t<div class=\"elementor-widget-container\">\n\t\t\t\t\t<h1 class=\"qodef-shortcode qodef-m  qodef-custom-font qodef-custom-font-767 qodef-layout--simple\" style=\"color: #FFFFFF\">Imprint<\/h1>\n\t\t\t\t<\/div>\n\t\t\t\t<\/div>\n\t\t\t\t\t<\/div>\n\t\t<\/div>\n\t\t\t\t\t<\/div>\n\t\t<\/section>\n\t\t\t\t\t<\/div>\n\t\t<\/div>\n\t\t\t\t\t<\/div>\n\t\t<\/section>\n\t\t\t\t<section class=\"elementor-section elementor-top-section elementor-element elementor-element-6aa3c99 elementor-section-full_width elementor-section-height-default elementor-section-height-default\" data-id=\"6aa3c99\" data-element_type=\"section\">\n\t\t\t\t\t\t<div class=\"elementor-container elementor-column-gap-default\">\n\t\t\t\t\t<div class=\"elementor-column elementor-col-100 elementor-top-column elementor-element elementor-element-82126a9\" data-id=\"82126a9\" data-element_type=\"column\">\n\t\t\t<div class=\"elementor-widget-wrap elementor-element-populated\">\n\t\t\t\t\t\t<div class=\"elementor-element elementor-element-5015541 elementor-widget__width-initial elementor-widget elementor-widget-forst_core_section_title\" data-id=\"5015541\" data-element_type=\"widget\" data-widget_type=\"forst_core_section_title.default\">\n\t\t\t\t<div class=\"elementor-widget-container\">\n\t\t\t\t\t<div class=\"qodef-shortcode qodef-m  qodef-section-title qodef-alignment--left\">\n\t\t<h1 class=\"qodef-m-title\" >\n\t\t\t\t\tServices\t\t\t<\/h1>\n\t<\/div>\n\t\t\t\t<\/div>\n\t\t\t\t<\/div>\n\t\t\t\t<div class=\"elementor-element elementor-element-8ee252e elementor-widget__width-initial elementor-widget-mobile__width-inherit elementor-widget elementor-widget-text-editor\" data-id=\"8ee252e\" data-element_type=\"widget\" data-widget_type=\"text-editor.default\">\n\t\t\t\t<div class=\"elementor-widget-container\">\n\t\t\t\t\t\t\t\t\t<h3>Publisher<\/h3><p><strong>Club of Communication GmbH<\/strong><br \/>Friedrich-Ebert-Stra\u00dfe 153 <br \/>D-42117Wuppertal <br \/>Telefon +49 (0) 202.69 50-0 <br \/>Telefax +49 0 202.69 50-299 <br \/>eMail <a href=\"mailto:team@club-of-communication.de\">team@club-of-communication.de<\/a><\/p><h3>Managing director<\/h3><p>Burkhard Nobbe\u00a0<\/p><p>Our website complies with the Mediendienstestaatsvertrag (MD5tV) and the Teledienstgesetz (TDG).<\/p><p>Responsible for content in accordance with Section 6 of the German Telemedia Act (MD5tV) and Section 6 of the German Tele Services Act (TDG): Frank Pauly and Burkhard Nobbe<\/p><h3>Copyright<\/h3><p>\u00a9 2024 Club of Communication GmbH, Wuppertal. All rights reserved.<\/p><h3 class=\"p1\">commercial register number<\/h3><p class=\"p1\">District court Wuppertal HRB 19745<\/p><h3 class=\"p1\">Sales tax identification number<\/h3><p class=\"p1\">DE 248021251<\/p><p class=\"p1\">You can view the commercial register entry - for a fee - at www.handelsregister.de.<\/p><h3 class=\"p1\">Disclaimer<\/h3><p class=\"p1\">All details and information contained in these Internet pages have been carefully researched and checked by us. However, we assume no liability for the correctness, completeness and topicality of the information. Otherwise, liability is limited to intent and gross negligence. The respective operators are solely responsible for the content of third-party websites to which we refer via hyperlinks.<\/p><h3 class=\"p1\">Data protection declaration of commitment<\/h3><p class=\"p1\">Club of Communication collects and processes incoming data via this website, for example in the dialog form, which is also personal data within the meaning of the Federal Data Protection Act (BD5G). When using this personal data, club of communication undertakes to observe the provisions of the BD5G with the greatest possible care and to use the data collected exclusively within the scope of the intended purpose. In doing so, we will not hand over the databases or information that can be derived from them to third parties and will only store them for as long as is necessary to fulfill the intended purpose, provided that there are no overriding legal provisions to the contrary.<\/p>\t\t\t\t\t\t\t\t<\/div>\n\t\t\t\t<\/div>\n\t\t\t\t\t<\/div>\n\t\t<\/div>\n\t\t\t\t\t<\/div>\n\t\t<\/section>\n\t\t\t\t<\/div>","protected":false},"excerpt":{"rendered":"<p>Impressum Leistungen Herausgeber Club of Communication GmbHFriedrich-Ebert-Stra\u00dfe 153 D-42117Wuppertal Telefon +49 (0) 202.69 50-0 Telefax +49 0 202.69 50-299 eMail team@club-of-communication.de Gesch\u00e4ftsf\u00fchrer Burkhard Nobbe\u00a0 Unsere Webpr\u00e4senz steht im Einklang mit dem Mediendienstestaatsvertrag (MD5tV) und dem Teledienstgesetz (TDG]. Verantwortlich f\u00fcr den Inhalt i.5.d. \u00a7 6 MD5tV und 6 TDG: Frank Pauly und Burkhard Nobbe Copyright \u00a9 [&hellip;]<\/p>","protected":false},"author":1,"featured_media":0,"parent":0,"menu_order":0,"comment_status":"closed","ping_status":"closed","template":"page-full-width.php","meta":{"footnotes":""},"class_list":["post-7482","page","type-page","status-publish","hentry"],"yoast_head":"<!-- This site is optimized with the Yoast SEO plugin v24.9 - https:\/\/yoast.com\/wordpress\/plugins\/seo\/ -->\n<title>Impressum - Club of Communications<\/title>\n<meta name=\"robots\" content=\"index, follow, max-snippet:-1, max-image-preview:large, max-video-preview:-1\" \/>\n<link rel=\"canonical\" href=\"https:\/\/www.club-of-communication.de\/en\/impressum\/\" \/>\n<meta property=\"og:locale\" content=\"en_US\" \/>\n<meta property=\"og:type\" content=\"article\" \/>\n<meta property=\"og:title\" content=\"Impressum - Club of Communications\" \/>\n<meta property=\"og:description\" content=\"Impressum Leistungen Herausgeber Club of Communication GmbHFriedrich-Ebert-Stra\u00dfe 153 D-42117Wuppertal Telefon +49 (0) 202.69 50-0 Telefax +49 0 202.69 50-299 eMail team@club-of-communication.de Gesch\u00e4ftsf\u00fchrer Burkhard Nobbe\u00a0 Unsere Webpr\u00e4senz steht im Einklang mit dem Mediendienstestaatsvertrag (MD5tV) und dem Teledienstgesetz (TDG]. Verantwortlich f\u00fcr den Inhalt i.5.d. \u00a7 6 MD5tV und 6 TDG: Frank Pauly und Burkhard Nobbe Copyright \u00a9 [&hellip;]\" \/>\n<meta property=\"og:url\" content=\"https:\/\/www.club-of-communication.de\/en\/impressum\/\" \/>\n<meta property=\"og:site_name\" content=\"Club of Communications\" \/>\n<meta property=\"article:modified_time\" content=\"2026-01-13T09:25:25+00:00\" \/>\n<meta name=\"twitter:card\" content=\"summary_large_image\" \/>\n<meta name=\"twitter:label1\" content=\"Est. reading time\" \/>\n\t<meta name=\"twitter:data1\" content=\"2 minutes\" \/>\n<script type=\"application\/ld+json\" class=\"yoast-schema-graph\">{\"@context\":\"https:\/\/schema.org\",\"@graph\":[{\"@type\":\"WebPage\",\"@id\":\"https:\/\/www.club-of-communication.de\/impressum\",\"url\":\"https:\/\/www.club-of-communication.de\/impressum\",\"name\":\"Impressum - Club of Communications\",\"isPartOf\":{\"@id\":\"https:\/\/www.club-of-communication.de\/#website\"},\"datePublished\":\"2024-03-04T09:22:07+00:00\",\"dateModified\":\"2026-01-13T09:25:25+00:00\",\"breadcrumb\":{\"@id\":\"https:\/\/www.club-of-communication.de\/impressum#breadcrumb\"},\"inLanguage\":\"en-US\",\"potentialAction\":[{\"@type\":\"ReadAction\",\"target\":[\"https:\/\/www.club-of-communication.de\/impressum\"]}]},{\"@type\":\"BreadcrumbList\",\"@id\":\"https:\/\/www.club-of-communication.de\/impressum#breadcrumb\",\"itemListElement\":[{\"@type\":\"ListItem\",\"position\":1,\"name\":\"Startseite\",\"item\":\"https:\/\/www.club-of-communication.de\/\"},{\"@type\":\"ListItem\",\"position\":2,\"name\":\"Impressum\"}]},{\"@type\":\"WebSite\",\"@id\":\"https:\/\/www.club-of-communication.de\/#website\",\"url\":\"https:\/\/www.club-of-communication.de\/\",\"name\":\"Club of Communications\",\"description\":\"Wir machen gute Werbung.\",\"publisher\":{\"@id\":\"https:\/\/www.club-of-communication.de\/#organization\"},\"potentialAction\":[{\"@type\":\"SearchAction\",\"target\":{\"@type\":\"EntryPoint\",\"urlTemplate\":\"https:\/\/www.club-of-communication.de\/?s={search_term_string}\"},\"query-input\":{\"@type\":\"PropertyValueSpecification\",\"valueRequired\":true,\"valueName\":\"search_term_string\"}}],\"inLanguage\":\"en-US\"},{\"@type\":\"Organization\",\"@id\":\"https:\/\/www.club-of-communication.de\/#organization\",\"name\":\"Club of Communications GmbH\",\"url\":\"https:\/\/www.club-of-communication.de\/\",\"logo\":{\"@type\":\"ImageObject\",\"inLanguage\":\"en-US\",\"@id\":\"https:\/\/www.club-of-communication.de\/#\/schema\/logo\/image\/\",\"url\":\"https:\/\/www.club-of-communication.de\/wp-content\/uploads\/2024\/02\/COC-Logo-white.png\",\"contentUrl\":\"https:\/\/www.club-of-communication.de\/wp-content\/uploads\/2024\/02\/COC-Logo-white.png\",\"width\":500,\"height\":154,\"caption\":\"Club of Communications GmbH\"},\"image\":{\"@id\":\"https:\/\/www.club-of-communication.de\/#\/schema\/logo\/image\/\"}}]}<\/script>\n<!-- \/ Yoast SEO plugin. -->","yoast_head_json":{"title":"Impressum - Club of Communications","robots":{"index":"index","follow":"follow","max-snippet":"max-snippet:-1","max-image-preview":"max-image-preview:large","max-video-preview":"max-video-preview:-1"},"canonical":"https:\/\/www.club-of-communication.de\/en\/impressum\/","og_locale":"en_US","og_type":"article","og_title":"Impressum - Club of Communications","og_description":"Impressum Leistungen Herausgeber Club of Communication GmbHFriedrich-Ebert-Stra\u00dfe 153 D-42117Wuppertal Telefon +49 (0) 202.69 50-0 Telefax +49 0 202.69 50-299 eMail team@club-of-communication.de Gesch\u00e4ftsf\u00fchrer Burkhard Nobbe\u00a0 Unsere Webpr\u00e4senz steht im Einklang mit dem Mediendienstestaatsvertrag (MD5tV) und dem Teledienstgesetz (TDG]. Verantwortlich f\u00fcr den Inhalt i.5.d. \u00a7 6 MD5tV und 6 TDG: Frank Pauly und Burkhard Nobbe Copyright \u00a9 [&hellip;]","og_url":"https:\/\/www.club-of-communication.de\/en\/impressum\/","og_site_name":"Club of Communications","article_modified_time":"2026-01-13T09:25:25+00:00","twitter_card":"summary_large_image","twitter_misc":{"Est. reading time":"2 minutes"},"schema":{"@context":"https:\/\/schema.org","@graph":[{"@type":"WebPage","@id":"https:\/\/www.club-of-communication.de\/impressum","url":"https:\/\/www.club-of-communication.de\/impressum","name":"Impressum - Club of Communications","isPartOf":{"@id":"https:\/\/www.club-of-communication.de\/#website"},"datePublished":"2024-03-04T09:22:07+00:00","dateModified":"2026-01-13T09:25:25+00:00","breadcrumb":{"@id":"https:\/\/www.club-of-communication.de\/impressum#breadcrumb"},"inLanguage":"en-US","potentialAction":[{"@type":"ReadAction","target":["https:\/\/www.club-of-communication.de\/impressum"]}]},{"@type":"BreadcrumbList","@id":"https:\/\/www.club-of-communication.de\/impressum#breadcrumb","itemListElement":[{"@type":"ListItem","position":1,"name":"Startseite","item":"https:\/\/www.club-of-communication.de\/"},{"@type":"ListItem","position":2,"name":"Impressum"}]},{"@type":"WebSite","@id":"https:\/\/www.club-of-communication.de\/#website","url":"https:\/\/www.club-of-communication.de\/","name":"Club of Communications","description":"Wir machen gute Werbung.","publisher":{"@id":"https:\/\/www.club-of-communication.de\/#organization"},"potentialAction":[{"@type":"SearchAction","target":{"@type":"EntryPoint","urlTemplate":"https:\/\/www.club-of-communication.de\/?s={search_term_string}"},"query-input":{"@type":"PropertyValueSpecification","valueRequired":true,"valueName":"search_term_string"}}],"inLanguage":"en-US"},{"@type":"Organization","@id":"https:\/\/www.club-of-communication.de\/#organization","name":"Club of Communications GmbH","url":"https:\/\/www.club-of-communication.de\/","logo":{"@type":"ImageObject","inLanguage":"en-US","@id":"https:\/\/www.club-of-communication.de\/#\/schema\/logo\/image\/","url":"https:\/\/www.club-of-communication.de\/wp-content\/uploads\/2024\/02\/COC-Logo-white.png","contentUrl":"https:\/\/www.club-of-communication.de\/wp-content\/uploads\/2024\/02\/COC-Logo-white.png","width":500,"height":154,"caption":"Club of Communications GmbH"},"image":{"@id":"https:\/\/www.club-of-communication.de\/#\/schema\/logo\/image\/"}}]}},"_links":{"self":[{"href":"https:\/\/www.club-of-communication.de\/en\/wp-json\/wp\/v2\/pages\/7482","targetHints":{"allow":["GET"]}}],"collection":[{"href":"https:\/\/www.club-of-communication.de\/en\/wp-json\/wp\/v2\/pages"}],"about":[{"href":"https:\/\/www.club-of-communication.de\/en\/wp-json\/wp\/v2\/types\/page"}],"author":[{"embeddable":true,"href":"https:\/\/www.club-of-communication.de\/en\/wp-json\/wp\/v2\/users\/1"}],"replies":[{"embeddable":true,"href":"https:\/\/www.club-of-communication.de\/en\/wp-json\/wp\/v2\/comments?post=7482"}],"version-history":[{"count":3,"href":"https:\/\/www.club-of-communication.de\/en\/wp-json\/wp\/v2\/pages\/7482\/revisions"}],"predecessor-version":[{"id":7994,"href":"https:\/\/www.club-of-communication.de\/en\/wp-json\/wp\/v2\/pages\/7482\/revisions\/7994"}],"wp:attachment":[{"href":"https:\/\/www.club-of-communication.de\/en\/wp-json\/wp\/v2\/media?parent=7482"}],"curies":[{"name":"wp","href":"https:\/\/api.w.org\/{rel}","templated":true}]}}